{"id":23,"date":"2024-03-05T13:45:08","date_gmt":"2024-03-05T16:45:08","guid":{"rendered":"https:\/\/projetoequilibria.com.br\/?page_id=23"},"modified":"2025-05-15T10:56:54","modified_gmt":"2025-05-15T13:56:54","slug":"home","status":"publish","type":"page","link":"https:\/\/psicanalistasergiohenrique.com\/","title":{"rendered":"Home"},"content":{"rendered":"\t\t<div data-elementor-type=\"wp-page\" data-elementor-id=\"23\" class=\"elementor elementor-23\">\n\t\t\t\t<div class=\"elementor-element elementor-element-7a75282 e-flex e-con-boxed wpr-particle-no wpr-jarallax-no wpr-parallax-no wpr-sticky-section-no e-con e-parent\" data-id=\"7a75282\" data-element_type=\"container\" data-settings=\"{&quot;background_background&quot;:&quot;classic&quot;}\">\n\t\t\t\t\t<div class=\"e-con-inner\">\n\t\t\t\t<div class=\"elementor-element elementor-element-2a7556b elementor-widget__width-initial elementor-widget elementor-widget-heading\" data-id=\"2a7556b\" data-element_type=\"widget\" data-widget_type=\"heading.default\">\n\t\t\t\t<div class=\"elementor-widget-container\">\n\t\t\t\t\t<h2 class=\"elementor-heading-title elementor-size-default\">Sua sa\u00fade come\u00e7a pela mente: invista nela!<\/h2>\t\t\t\t<\/div>\n\t\t\t\t<\/div>\n\t\t\t\t<div class=\"elementor-element elementor-element-6e35f9e elementor-widget elementor-widget-heading\" data-id=\"6e35f9e\" data-element_type=\"widget\" data-widget_type=\"heading.default\">\n\t\t\t\t<div class=\"elementor-widget-container\">\n\t\t\t\t\t<h2 class=\"elementor-heading-title elementor-size-default\">S\u00e9rgio Henrique - Psicoan\u00e1lises &amp; Terapias<\/h2>\t\t\t\t<\/div>\n\t\t\t\t<\/div>\n\t\t\t\t<div class=\"elementor-element elementor-element-902c39c elementor-widget elementor-widget-button\" data-id=\"902c39c\" data-element_type=\"widget\" data-widget_type=\"button.default\">\n\t\t\t\t<div class=\"elementor-widget-container\">\n\t\t\t\t\t\t\t\t\t<div class=\"elementor-button-wrapper\">\n\t\t\t\t\t<a class=\"elementor-button elementor-button-link elementor-size-md elementor-animation-grow\" href=\"https:\/\/wa.me\/5513997313440?text=Ol%C3%A1%2C%20quero%20saber%20mais%20sobre%20como%20funciona%20a%20psicoan%C3%A1lise!\">\n\t\t\t\t\t\t<span class=\"elementor-button-content-wrapper\">\n\t\t\t\t\t\t<span class=\"elementor-button-icon\">\n\t\t\t\t<svg aria-hidden=\"true\" class=\"e-font-icon-svg e-far-arrow-alt-circle-right\" viewBox=\"0 0 512 512\" xmlns=\"http:\/\/www.w3.org\/2000\/svg\"><path d=\"M504 256C504 119 393 8 256 8S8 119 8 256s111 248 248 248 248-111 248-248zm-448 0c0-110.5 89.5-200 200-200s200 89.5 200 200-89.5 200-200 200S56 366.5 56 256zm72 20v-40c0-6.6 5.4-12 12-12h116v-67c0-10.7 12.9-16 20.5-8.5l99 99c4.7 4.7 4.7 12.3 0 17l-99 99c-7.6 7.6-20.5 2.2-20.5-8.5v-67H140c-6.6 0-12-5.4-12-12z\"><\/path><\/svg>\t\t\t<\/span>\n\t\t\t\t\t\t\t\t\t<span class=\"elementor-button-text\">Agende sua consulta<\/span>\n\t\t\t\t\t<\/span>\n\t\t\t\t\t<\/a>\n\t\t\t\t<\/div>\n\t\t\t\t\t\t\t\t<\/div>\n\t\t\t\t<\/div>\n\t\t\t\t\t<\/div>\n\t\t\t\t<\/div>\n\t\t<div class=\"elementor-element elementor-element-51f4039 e-flex e-con-boxed wpr-particle-no wpr-jarallax-no wpr-parallax-no wpr-sticky-section-no e-con e-parent\" data-id=\"51f4039\" data-element_type=\"container\" id=\"sobre\" data-settings=\"{&quot;background_background&quot;:&quot;classic&quot;}\">\n\t\t\t\t\t<div class=\"e-con-inner\">\n\t\t<div class=\"elementor-element elementor-element-ecfdb98 e-con-full e-flex wpr-particle-no wpr-jarallax-no wpr-parallax-no wpr-sticky-section-no e-con e-child\" data-id=\"ecfdb98\" data-element_type=\"container\">\n\t\t\t\t<div class=\"elementor-element elementor-element-1065e7c elementor-widget-divider--view-line_text elementor-widget-divider--element-align-left elementor-widget elementor-widget-divider\" data-id=\"1065e7c\" data-element_type=\"widget\" data-widget_type=\"divider.default\">\n\t\t\t\t<div class=\"elementor-widget-container\">\n\t\t\t\t\t\t\t<div class=\"elementor-divider\">\n\t\t\t<span class=\"elementor-divider-separator\">\n\t\t\t\t\t\t\t<span class=\"elementor-divider__text elementor-divider__element\">\n\t\t\t\tQuem Sou Eu\t\t\t\t<\/span>\n\t\t\t\t\t\t<\/span>\n\t\t<\/div>\n\t\t\t\t\t\t<\/div>\n\t\t\t\t<\/div>\n\t\t\t\t<div class=\"elementor-element elementor-element-f07924d elementor-widget elementor-widget-heading\" data-id=\"f07924d\" data-element_type=\"widget\" data-widget_type=\"heading.default\">\n\t\t\t\t<div class=\"elementor-widget-container\">\n\t\t\t\t\t<h2 class=\"elementor-heading-title elementor-size-default\">S\u00e9rgio Henrique<\/h2>\t\t\t\t<\/div>\n\t\t\t\t<\/div>\n\t\t\t\t<div class=\"elementor-element elementor-element-cc09c06 elementor-widget elementor-widget-text-editor\" data-id=\"cc09c06\" data-element_type=\"widget\" data-widget_type=\"text-editor.default\">\n\t\t\t\t<div class=\"elementor-widget-container\">\n\t\t\t\t\t\t\t\t\t<h2>Muito prazer,<\/h2><p>Sou psicanalista cl\u00ednico, especializado em promover o autoconhecimento e a transforma\u00e7\u00e3o pessoal atrav\u00e9s de uma abordagem integrada e profunda.<br \/>Minha forma\u00e7\u00e3o em psican\u00e1lise cl\u00ednica, somada a estudos em neurop\u00e1tican\u00e1lise, an\u00e1lise psicocomportamental, logoterapia, programa\u00e7\u00e3o neurolingu\u00edstica (PNL) e mindfulness, me permite oferecer um acompanhamento sens\u00edvel, t\u00e9cnico e personalizado.<\/p><p>Acredito que cada ser humano carrega dentro de si uma hist\u00f3ria \u00fanica \u2014 feita de emo\u00e7\u00f5es, mem\u00f3rias e significados \u2014 e que compreender essa hist\u00f3ria \u00e9 o primeiro passo para a constru\u00e7\u00e3o de uma vida mais aut\u00eantica e plena.<br \/>Com um olhar atento \u00e0s ra\u00edzes inconscientes dos comportamentos e \u00e0s din\u00e2micas emocionais, busco, junto aos meus pacientes, ampliar a consci\u00eancia, ressignificar experi\u00eancias e fortalecer o sentido de exist\u00eancia.<\/p><p>Atendo adolescentes e adultos de forma online, oferecendo um espa\u00e7o seguro, \u00e9tico e acolhedor para que possam expressar suas dores, encontrar novas perspectivas e trilhar um caminho de crescimento pessoal e emocional.<\/p><p>Se voc\u00ea sente que \u00e9 hora de olhar para dentro, reconstruir narrativas e dar novos significados \u00e0 sua trajet\u00f3ria, estou aqui para caminhar com voc\u00ea.<\/p>\t\t\t\t\t\t\t\t<\/div>\n\t\t\t\t<\/div>\n\t\t\t\t<\/div>\n\t\t<div class=\"elementor-element elementor-element-acc483e e-con-full e-flex wpr-particle-no wpr-jarallax-no wpr-parallax-no wpr-sticky-section-no e-con e-child\" data-id=\"acc483e\" data-element_type=\"container\">\n\t\t\t\t<div class=\"elementor-element elementor-element-8fac763 elementor-widget elementor-widget-image\" data-id=\"8fac763\" data-element_type=\"widget\" data-widget_type=\"image.default\">\n\t\t\t\t<div class=\"elementor-widget-container\">\n\t\t\t\t\t\t\t\t\t\t\t\t\t\t\t<img fetchpriority=\"high\" decoding=\"async\" width=\"1080\" height=\"1080\" src=\"https:\/\/psicanalistasergiohenrique.com\/wp-content\/uploads\/2025\/04\/imagem-sergio.png\" class=\"attachment-full size-full wp-image-1359\" alt=\"\" srcset=\"https:\/\/psicanalistasergiohenrique.com\/wp-content\/uploads\/2025\/04\/imagem-sergio.png 1080w, https:\/\/psicanalistasergiohenrique.com\/wp-content\/uploads\/2025\/04\/imagem-sergio-300x300.png 300w, https:\/\/psicanalistasergiohenrique.com\/wp-content\/uploads\/2025\/04\/imagem-sergio-1024x1024.png 1024w, https:\/\/psicanalistasergiohenrique.com\/wp-content\/uploads\/2025\/04\/imagem-sergio-150x150.png 150w, https:\/\/psicanalistasergiohenrique.com\/wp-content\/uploads\/2025\/04\/imagem-sergio-768x768.png 768w, https:\/\/psicanalistasergiohenrique.com\/wp-content\/uploads\/2025\/04\/imagem-sergio-230x230.png 230w, https:\/\/psicanalistasergiohenrique.com\/wp-content\/uploads\/2025\/04\/imagem-sergio-400x400.png 400w, https:\/\/psicanalistasergiohenrique.com\/wp-content\/uploads\/2025\/04\/imagem-sergio-600x600.png 600w, https:\/\/psicanalistasergiohenrique.com\/wp-content\/uploads\/2025\/04\/imagem-sergio-640x640.png 640w\" sizes=\"(max-width: 1080px) 100vw, 1080px\" \/>\t\t\t\t\t\t\t\t\t\t\t\t\t\t\t<\/div>\n\t\t\t\t<\/div>\n\t\t\t\t<\/div>\n\t\t\t\t\t<\/div>\n\t\t\t\t<\/div>\n\t\t<div class=\"elementor-element elementor-element-977d215 e-flex e-con-boxed wpr-particle-no wpr-jarallax-no wpr-parallax-no wpr-sticky-section-no e-con e-parent\" data-id=\"977d215\" data-element_type=\"container\" id=\"tecnica\" data-settings=\"{&quot;background_background&quot;:&quot;classic&quot;}\">\n\t\t\t\t\t<div class=\"e-con-inner\">\n\t\t\t\t<div class=\"elementor-element elementor-element-1121450 elementor-widget__width-initial elementor-widget elementor-widget-heading\" data-id=\"1121450\" data-element_type=\"widget\" data-widget_type=\"heading.default\">\n\t\t\t\t<div class=\"elementor-widget-container\">\n\t\t\t\t\t<h2 class=\"elementor-heading-title elementor-size-default\">Minha T\u00e9cnica<\/h2>\t\t\t\t<\/div>\n\t\t\t\t<\/div>\n\t\t\t\t<div class=\"elementor-element elementor-element-38bb9cb elementor-widget__width-initial elementor-widget elementor-widget-heading\" data-id=\"38bb9cb\" data-element_type=\"widget\" data-widget_type=\"heading.default\">\n\t\t\t\t<div class=\"elementor-widget-container\">\n\t\t\t\t\t<h2 class=\"elementor-heading-title elementor-size-default\">\nUma abordagem \u00fanica: A profundidade da psican\u00e1lise unida a t\u00e9cnicas avan\u00e7adas como PNL, Mindfulness, Logoterapia e An\u00e1lise Psicomportamental para promover mudan\u00e7as reais e duradouras.\n\n\nCuidar da mente \u00e9 t\u00e3o essencial quanto cuidar do corpo. Muitas vezes, sofremos sem entender a raiz do problema. A psican\u00e1lise, alinhada \u00e0 neuroci\u00eancia e a t\u00e9cnicas modernas, pode te ajudar a reencontrar equil\u00edbrio e bem-estar.<\/h2>\t\t\t\t<\/div>\n\t\t\t\t<\/div>\n\t\t\t\t<div class=\"elementor-element elementor-element-f1b98d1 elementor-mobile-align-center elementor-widget elementor-widget-button\" data-id=\"f1b98d1\" data-element_type=\"widget\" data-widget_type=\"button.default\">\n\t\t\t\t<div class=\"elementor-widget-container\">\n\t\t\t\t\t\t\t\t\t<div class=\"elementor-button-wrapper\">\n\t\t\t\t\t<a class=\"elementor-button elementor-button-link elementor-size-md elementor-animation-grow\" href=\"https:\/\/wa.me\/5513997313440?text=Ol%C3%A1%2C%20quero%20saber%20mais%20sobre%20como%20funciona%20a%20psicoan%C3%A1lise!\">\n\t\t\t\t\t\t<span class=\"elementor-button-content-wrapper\">\n\t\t\t\t\t\t<span class=\"elementor-button-icon\">\n\t\t\t\t<svg aria-hidden=\"true\" class=\"e-font-icon-svg e-far-arrow-alt-circle-right\" viewBox=\"0 0 512 512\" xmlns=\"http:\/\/www.w3.org\/2000\/svg\"><path d=\"M504 256C504 119 393 8 256 8S8 119 8 256s111 248 248 248 248-111 248-248zm-448 0c0-110.5 89.5-200 200-200s200 89.5 200 200-89.5 200-200 200S56 366.5 56 256zm72 20v-40c0-6.6 5.4-12 12-12h116v-67c0-10.7 12.9-16 20.5-8.5l99 99c4.7 4.7 4.7 12.3 0 17l-99 99c-7.6 7.6-20.5 2.2-20.5-8.5v-67H140c-6.6 0-12-5.4-12-12z\"><\/path><\/svg>\t\t\t<\/span>\n\t\t\t\t\t\t\t\t\t<span class=\"elementor-button-text\">Agende consulta<\/span>\n\t\t\t\t\t<\/span>\n\t\t\t\t\t<\/a>\n\t\t\t\t<\/div>\n\t\t\t\t\t\t\t\t<\/div>\n\t\t\t\t<\/div>\n\t\t\t\t\t<\/div>\n\t\t\t\t<\/div>\n\t\t<div class=\"elementor-element elementor-element-157c993 e-flex e-con-boxed wpr-particle-no wpr-jarallax-no wpr-parallax-no wpr-sticky-section-no e-con e-parent\" data-id=\"157c993\" data-element_type=\"container\" id=\"consulta\" data-settings=\"{&quot;background_background&quot;:&quot;classic&quot;}\">\n\t\t\t\t\t<div class=\"e-con-inner\">\n\t\t\t\t<div class=\"elementor-element elementor-element-9e4c7f5 elementor-widget__width-initial elementor-widget-mobile__width-inherit elementor-widget elementor-widget-heading\" data-id=\"9e4c7f5\" data-element_type=\"widget\" data-widget_type=\"heading.default\">\n\t\t\t\t<div class=\"elementor-widget-container\">\n\t\t\t\t\t<h2 class=\"elementor-heading-title elementor-size-default\">Vamos agendar sua consulta?<\/h2>\t\t\t\t<\/div>\n\t\t\t\t<\/div>\n\t\t\t\t<div class=\"elementor-element elementor-element-5f99a61 elementor-widget__width-initial elementor-widget-mobile__width-inherit elementor-widget elementor-widget-heading\" data-id=\"5f99a61\" data-element_type=\"widget\" data-widget_type=\"heading.default\">\n\t\t\t\t<div class=\"elementor-widget-container\">\n\t\t\t\t\t<h2 class=\"elementor-heading-title elementor-size-default\">Fale comigo atrav\u00e9s do link abaixo:<\/h2>\t\t\t\t<\/div>\n\t\t\t\t<\/div>\n\t\t\t\t<div class=\"elementor-element elementor-element-a01b877 elementor-widget elementor-widget-button\" data-id=\"a01b877\" data-element_type=\"widget\" data-widget_type=\"button.default\">\n\t\t\t\t<div class=\"elementor-widget-container\">\n\t\t\t\t\t\t\t\t\t<div class=\"elementor-button-wrapper\">\n\t\t\t\t\t<a class=\"elementor-button elementor-button-link elementor-size-md elementor-animation-grow\" href=\"https:\/\/wa.me\/5513997313440?text=Ol%C3%A1%2C%20quero%20saber%20mais%20sobre%20como%20funciona%20a%20psicoan%C3%A1lise!\">\n\t\t\t\t\t\t<span class=\"elementor-button-content-wrapper\">\n\t\t\t\t\t\t<span class=\"elementor-button-icon\">\n\t\t\t\t<svg aria-hidden=\"true\" class=\"e-font-icon-svg e-far-arrow-alt-circle-right\" viewBox=\"0 0 512 512\" xmlns=\"http:\/\/www.w3.org\/2000\/svg\"><path d=\"M504 256C504 119 393 8 256 8S8 119 8 256s111 248 248 248 248-111 248-248zm-448 0c0-110.5 89.5-200 200-200s200 89.5 200 200-89.5 200-200 200S56 366.5 56 256zm72 20v-40c0-6.6 5.4-12 12-12h116v-67c0-10.7 12.9-16 20.5-8.5l99 99c4.7 4.7 4.7 12.3 0 17l-99 99c-7.6 7.6-20.5 2.2-20.5-8.5v-67H140c-6.6 0-12-5.4-12-12z\"><\/path><\/svg>\t\t\t<\/span>\n\t\t\t\t\t\t\t\t\t<span class=\"elementor-button-text\">Agendar Consulta<\/span>\n\t\t\t\t\t<\/span>\n\t\t\t\t\t<\/a>\n\t\t\t\t<\/div>\n\t\t\t\t\t\t\t\t<\/div>\n\t\t\t\t<\/div>\n\t\t\t\t\t<\/div>\n\t\t\t\t<\/div>\n\t\t<div class=\"elementor-element elementor-element-a937b33 e-flex e-con-boxed wpr-particle-no wpr-jarallax-no wpr-parallax-no wpr-sticky-section-no e-con e-parent\" data-id=\"a937b33\" data-element_type=\"container\" id=\"blog\" data-settings=\"{&quot;background_background&quot;:&quot;classic&quot;}\">\n\t\t\t\t\t<div class=\"e-con-inner\">\n\t\t\t\t<div class=\"elementor-element elementor-element-fa2d08e elementor-widget__width-initial elementor-widget-mobile__width-inherit elementor-widget elementor-widget-heading\" data-id=\"fa2d08e\" data-element_type=\"widget\" data-widget_type=\"heading.default\">\n\t\t\t\t<div class=\"elementor-widget-container\">\n\t\t\t\t\t<h2 class=\"elementor-heading-title elementor-size-default\">Nosso Blog<\/h2>\t\t\t\t<\/div>\n\t\t\t\t<\/div>\n\t\t\t\t<div class=\"elementor-element elementor-element-fdb969c elementor-widget elementor-widget-heading\" data-id=\"fdb969c\" data-element_type=\"widget\" data-widget_type=\"heading.default\">\n\t\t\t\t<div class=\"elementor-widget-container\">\n\t\t\t\t\t<h2 class=\"elementor-heading-title elementor-size-default\">Confira os nossos \u00faltimos conte\u00fados:<\/h2>\t\t\t\t<\/div>\n\t\t\t\t<\/div>\n\t\t\t\t<div class=\"elementor-element elementor-element-0048181 elementor-widget elementor-widget-upk-alex-grid\" data-id=\"0048181\" data-element_type=\"widget\" data-widget_type=\"upk-alex-grid.default\">\n\t\t\t\t<div class=\"elementor-widget-container\">\n\t\t\t\t\t\n\t\t<div class=\"upk-alex-grid upk-ajax-grid\" data-loadmore=\"[]\">\n\t\t\t<div class=\"upk-alex-wrap upk-ajax-grid-wrap upk-content-right upk-style-2\">\n\n\t\t\t\t\n\t\t\t\t\t\t\t<div class=\"upk-item\">\n\t\t\t<div class=\"upk-image-wrap\">\n\t\t\t\t<img decoding=\"async\" width=\"1424\" height=\"711\" src=\"https:\/\/psicanalistasergiohenrique.com\/wp-content\/uploads\/2025\/05\/psi1.png\" class=\"upk-img\" alt=\"O efeito placebo e sua influ\u00eancia nas terapias\" srcset=\"https:\/\/psicanalistasergiohenrique.com\/wp-content\/uploads\/2025\/05\/psi1.png 1424w, https:\/\/psicanalistasergiohenrique.com\/wp-content\/uploads\/2025\/05\/psi1-300x150.png 300w, https:\/\/psicanalistasergiohenrique.com\/wp-content\/uploads\/2025\/05\/psi1-1024x511.png 1024w, https:\/\/psicanalistasergiohenrique.com\/wp-content\/uploads\/2025\/05\/psi1-768x383.png 768w, https:\/\/psicanalistasergiohenrique.com\/wp-content\/uploads\/2025\/05\/psi1-600x300.png 600w, https:\/\/psicanalistasergiohenrique.com\/wp-content\/uploads\/2025\/05\/psi1-1280x640.png 1280w\" sizes=\"(max-width: 1424px) 100vw, 1424px\" \/>\n\t\t\t\t\t\t\n\t\n\t\t\t\t\n\t\t\t\t<div class=\"upk-content-wrap\">\n\n\t\t\t\t\t<div class=\"upk-content\">\n\t\t\t\t\t\t\t\t<div class=\"upk-category\">\n\t\t\t<a href=\"https:\/\/psicanalistasergiohenrique.com\/index.php\/category\/blog\/\" \n\t\t\t\t\t\t\taria-label=\"Category Blog\">Blog<\/a>\t\t<\/div>\n\t\t\t\t\t\t\t<h3 class=\"upk-title\"><a href=\"https:\/\/psicanalistasergiohenrique.com\/index.php\/2025\/05\/26\/o-efeito-placebo-e-sua-influencia-nas-terapias\/\" title=\"O efeito placebo e sua influ\u00eancia nas terapias\" class=\"title-animation-\" aria-label=\"O efeito placebo e sua influ\u00eancia nas terapias\">O efeito placebo e sua influ\u00eancia nas terapias<\/a><\/h3>\t\t\t\t\t<\/div>\n\n\t\t\t\t\t\t\t<div class=\"upk-button-wrap\">\n\t\t\t<a \n\t\t\t\thref=\"https:\/\/psicanalistasergiohenrique.com\/index.php\/2025\/05\/26\/o-efeito-placebo-e-sua-influencia-nas-terapias\/\" \n\t\t\t\tclass=\"upk-readmore\" \n\t\t\t\taria-label=\"Read More Button\"\n\t\t\t>\n\t\t\t\t<span class=\"upk-readmore-icon\"><span><\/span><\/span>\n\t\t\t<\/a>\n\t\t<\/div>\n\t\n\t\t\t\t<\/div>\n\t\t\t<\/div>\n\t\t<\/div>\n\t\n\t\t\t\t\n\t\t\t\t\t\t\t<div class=\"upk-item\">\n\t\t\t<div class=\"upk-image-wrap\">\n\t\t\t\t<img decoding=\"async\" width=\"853\" height=\"1280\" src=\"https:\/\/psicanalistasergiohenrique.com\/wp-content\/uploads\/2025\/05\/Descanso.jpeg\" class=\"upk-img\" alt=\"A import\u00e2ncia do Descanso\" srcset=\"https:\/\/psicanalistasergiohenrique.com\/wp-content\/uploads\/2025\/05\/Descanso.jpeg 853w, https:\/\/psicanalistasergiohenrique.com\/wp-content\/uploads\/2025\/05\/Descanso-200x300.jpeg 200w, https:\/\/psicanalistasergiohenrique.com\/wp-content\/uploads\/2025\/05\/Descanso-682x1024.jpeg 682w, https:\/\/psicanalistasergiohenrique.com\/wp-content\/uploads\/2025\/05\/Descanso-768x1152.jpeg 768w, https:\/\/psicanalistasergiohenrique.com\/wp-content\/uploads\/2025\/05\/Descanso-600x900.jpeg 600w\" sizes=\"(max-width: 853px) 100vw, 853px\" \/>\n\t\t\t\t\t\t\n\t\n\t\t\t\t\n\t\t\t\t<div class=\"upk-content-wrap\">\n\n\t\t\t\t\t<div class=\"upk-content\">\n\t\t\t\t\t\t\t\t<div class=\"upk-category\">\n\t\t\t<a href=\"https:\/\/psicanalistasergiohenrique.com\/index.php\/category\/blog\/\" \n\t\t\t\t\t\t\taria-label=\"Category Blog\">Blog<\/a>\t\t<\/div>\n\t\t\t\t\t\t\t<h3 class=\"upk-title\"><a href=\"https:\/\/psicanalistasergiohenrique.com\/index.php\/2025\/05\/26\/a-importancia-do-descanso\/\" title=\"A import\u00e2ncia do Descanso\" class=\"title-animation-\" aria-label=\"A import\u00e2ncia do Descanso\">A import\u00e2ncia do Descanso<\/a><\/h3>\t\t\t\t\t<\/div>\n\n\t\t\t\t\t\t\t<div class=\"upk-button-wrap\">\n\t\t\t<a \n\t\t\t\thref=\"https:\/\/psicanalistasergiohenrique.com\/index.php\/2025\/05\/26\/a-importancia-do-descanso\/\" \n\t\t\t\tclass=\"upk-readmore\" \n\t\t\t\taria-label=\"Read More Button\"\n\t\t\t>\n\t\t\t\t<span class=\"upk-readmore-icon\"><span><\/span><\/span>\n\t\t\t<\/a>\n\t\t<\/div>\n\t\n\t\t\t\t<\/div>\n\t\t\t<\/div>\n\t\t<\/div>\n\t\n\t\t\t\t\n\t\t\t\t\t\t\t<div class=\"upk-item\">\n\t\t\t<div class=\"upk-image-wrap\">\n\t\t\t\t<img loading=\"lazy\" decoding=\"async\" width=\"1599\" height=\"1599\" src=\"https:\/\/psicanalistasergiohenrique.com\/wp-content\/uploads\/2025\/05\/teatro-das-mascaras.jpeg\" class=\"upk-img\" alt=\"As M\u00e1scaras do Teatro\" srcset=\"https:\/\/psicanalistasergiohenrique.com\/wp-content\/uploads\/2025\/05\/teatro-das-mascaras.jpeg 1599w, https:\/\/psicanalistasergiohenrique.com\/wp-content\/uploads\/2025\/05\/teatro-das-mascaras-300x300.jpeg 300w, https:\/\/psicanalistasergiohenrique.com\/wp-content\/uploads\/2025\/05\/teatro-das-mascaras-1024x1024.jpeg 1024w, https:\/\/psicanalistasergiohenrique.com\/wp-content\/uploads\/2025\/05\/teatro-das-mascaras-150x150.jpeg 150w, https:\/\/psicanalistasergiohenrique.com\/wp-content\/uploads\/2025\/05\/teatro-das-mascaras-768x768.jpeg 768w, https:\/\/psicanalistasergiohenrique.com\/wp-content\/uploads\/2025\/05\/teatro-das-mascaras-1536x1536.jpeg 1536w, https:\/\/psicanalistasergiohenrique.com\/wp-content\/uploads\/2025\/05\/teatro-das-mascaras-230x230.jpeg 230w, https:\/\/psicanalistasergiohenrique.com\/wp-content\/uploads\/2025\/05\/teatro-das-mascaras-400x400.jpeg 400w, https:\/\/psicanalistasergiohenrique.com\/wp-content\/uploads\/2025\/05\/teatro-das-mascaras-600x600.jpeg 600w, https:\/\/psicanalistasergiohenrique.com\/wp-content\/uploads\/2025\/05\/teatro-das-mascaras-640x640.jpeg 640w\" sizes=\"(max-width: 1599px) 100vw, 1599px\" \/>\n\t\t\t\t\t\t\n\t\n\t\t\t\t\n\t\t\t\t<div class=\"upk-content-wrap\">\n\n\t\t\t\t\t<div class=\"upk-content\">\n\t\t\t\t\t\t\t\t<div class=\"upk-category\">\n\t\t\t<a href=\"https:\/\/psicanalistasergiohenrique.com\/index.php\/category\/blog\/\" \n\t\t\t\t\t\t\taria-label=\"Category Blog\">Blog<\/a>\t\t<\/div>\n\t\t\t\t\t\t\t<h3 class=\"upk-title\"><a href=\"https:\/\/psicanalistasergiohenrique.com\/index.php\/2025\/05\/26\/as-mascaras-do-teatro\/\" title=\"As M\u00e1scaras do Teatro\" class=\"title-animation-\" aria-label=\"As M\u00e1scaras do Teatro\">As M\u00e1scaras do Teatro<\/a><\/h3>\t\t\t\t\t<\/div>\n\n\t\t\t\t\t\t\t<div class=\"upk-button-wrap\">\n\t\t\t<a \n\t\t\t\thref=\"https:\/\/psicanalistasergiohenrique.com\/index.php\/2025\/05\/26\/as-mascaras-do-teatro\/\" \n\t\t\t\tclass=\"upk-readmore\" \n\t\t\t\taria-label=\"Read More Button\"\n\t\t\t>\n\t\t\t\t<span class=\"upk-readmore-icon\"><span><\/span><\/span>\n\t\t\t<\/a>\n\t\t<\/div>\n\t\n\t\t\t\t<\/div>\n\t\t\t<\/div>\n\t\t<\/div>\n\t\n\t\t\t\t\n\t\t\t<\/div>\n\t\t<\/div>\n\n\t\t\t\t\t\t<\/div>\n\t\t\t\t<\/div>\n\t\t\t\t<div class=\"elementor-element elementor-element-140b3b0 elementor-align-center elementor-widget elementor-widget-button\" data-id=\"140b3b0\" data-element_type=\"widget\" data-widget_type=\"button.default\">\n\t\t\t\t<div class=\"elementor-widget-container\">\n\t\t\t\t\t\t\t\t\t<div class=\"elementor-button-wrapper\">\n\t\t\t\t\t<a class=\"elementor-button elementor-button-link elementor-size-md elementor-animation-grow\" href=\"https:\/\/psicanalistasergiohenrique.com\/index.php\/blog\/\">\n\t\t\t\t\t\t<span class=\"elementor-button-content-wrapper\">\n\t\t\t\t\t\t<span class=\"elementor-button-icon\">\n\t\t\t\t<svg aria-hidden=\"true\" class=\"e-font-icon-svg e-far-arrow-alt-circle-right\" viewBox=\"0 0 512 512\" xmlns=\"http:\/\/www.w3.org\/2000\/svg\"><path d=\"M504 256C504 119 393 8 256 8S8 119 8 256s111 248 248 248 248-111 248-248zm-448 0c0-110.5 89.5-200 200-200s200 89.5 200 200-89.5 200-200 200S56 366.5 56 256zm72 20v-40c0-6.6 5.4-12 12-12h116v-67c0-10.7 12.9-16 20.5-8.5l99 99c4.7 4.7 4.7 12.3 0 17l-99 99c-7.6 7.6-20.5 2.2-20.5-8.5v-67H140c-6.6 0-12-5.4-12-12z\"><\/path><\/svg>\t\t\t<\/span>\n\t\t\t\t\t\t\t\t\t<span class=\"elementor-button-text\">Ver todos os conte\u00fados<\/span>\n\t\t\t\t\t<\/span>\n\t\t\t\t\t<\/a>\n\t\t\t\t<\/div>\n\t\t\t\t\t\t\t\t<\/div>\n\t\t\t\t<\/div>\n\t\t\t\t\t<\/div>\n\t\t\t\t<\/div>\n\t\t\t\t<\/div>\n\t\t","protected":false},"excerpt":{"rendered":"<p>Sua sa\u00fade come\u00e7a pela mente: invista nela! S\u00e9rgio Henrique &#8211; Psicoan\u00e1lises &amp; Terapias Agende sua consulta Quem Sou Eu S\u00e9rgio Henrique Muito prazer, Sou psicanalista cl\u00ednico, especializado em promover o autoconhecimento e a transforma\u00e7\u00e3o pessoal atrav\u00e9s de uma abordagem integrada e profunda.Minha forma\u00e7\u00e3o em psican\u00e1lise cl\u00ednica, somada a estudos em neurop\u00e1tican\u00e1lise, an\u00e1lise psicocomportamental, logoterapia, programa\u00e7\u00e3o neurolingu\u00edstica (PNL) e mindfulness, me permite oferecer um acompanhamento sens\u00edvel, t\u00e9cnico e personalizado. Acredito que cada ser humano carrega dentro de si uma hist\u00f3ria \u00fanica \u2014 feita de emo\u00e7\u00f5es, mem\u00f3rias e significados \u2014 e que compreender essa hist\u00f3ria \u00e9 o primeiro passo para a constru\u00e7\u00e3o de uma vida mais aut\u00eantica e plena.Com um olhar atento \u00e0s ra\u00edzes inconscientes dos comportamentos e \u00e0s din\u00e2micas emocionais, busco, junto aos meus pacientes, ampliar a consci\u00eancia, ressignificar experi\u00eancias e fortalecer o sentido de exist\u00eancia. Atendo adolescentes e adultos de forma online, oferecendo um espa\u00e7o seguro, \u00e9tico e acolhedor para que possam expressar suas dores, encontrar novas perspectivas e trilhar um caminho de crescimento pessoal e emocional. Se voc\u00ea sente que \u00e9 hora de olhar para dentro, reconstruir narrativas e dar novos significados \u00e0 sua trajet\u00f3ria, estou aqui para caminhar com voc\u00ea. Minha T\u00e9cnica Uma abordagem \u00fanica: A profundidade da psican\u00e1lise unida a t\u00e9cnicas avan\u00e7adas como PNL, Mindfulness, Logoterapia e An\u00e1lise Psicomportamental para promover mudan\u00e7as reais e duradouras. Cuidar da mente \u00e9 t\u00e3o essencial quanto cuidar do corpo. Muitas vezes, sofremos sem entender a raiz do problema. A psican\u00e1lise, alinhada \u00e0 neuroci\u00eancia e a t\u00e9cnicas modernas, pode te ajudar a reencontrar equil\u00edbrio e bem-estar. Agende consulta Vamos agendar sua consulta? Fale comigo atrav\u00e9s do link abaixo: Agendar Consulta Nosso Blog Confira os nossos \u00faltimos conte\u00fados: Blog O Poder de Falar em Terapia Blog A histeria e a cura pela fala: Freud e a neuropsican\u00e1lise Blog A Escada de Penrose e o Transtorno Obsessivo-Compulsivo: Um Ciclo de Repeti\u00e7\u00e3o Ver todos os conte\u00fados<\/p>\n","protected":false},"author":1,"featured_media":0,"parent":0,"menu_order":0,"comment_status":"closed","ping_status":"closed","template":"elementor_header_footer","meta":{"footnotes":""},"class_list":["post-23","page","type-page","status-publish","hentry"],"_links":{"self":[{"href":"https:\/\/psicanalistasergiohenrique.com\/index.php\/wp-json\/wp\/v2\/pages\/23","targetHints":{"allow":["GET"]}}],"collection":[{"href":"https:\/\/psicanalistasergiohenrique.com\/index.php\/wp-json\/wp\/v2\/pages"}],"about":[{"href":"https:\/\/psicanalistasergiohenrique.com\/index.php\/wp-json\/wp\/v2\/types\/page"}],"author":[{"embeddable":true,"href":"https:\/\/psicanalistasergiohenrique.com\/index.php\/wp-json\/wp\/v2\/users\/1"}],"replies":[{"embeddable":true,"href":"https:\/\/psicanalistasergiohenrique.com\/index.php\/wp-json\/wp\/v2\/comments?post=23"}],"version-history":[{"count":800,"href":"https:\/\/psicanalistasergiohenrique.com\/index.php\/wp-json\/wp\/v2\/pages\/23\/revisions"}],"predecessor-version":[{"id":1463,"href":"https:\/\/psicanalistasergiohenrique.com\/index.php\/wp-json\/wp\/v2\/pages\/23\/revisions\/1463"}],"wp:attachment":[{"href":"https:\/\/psicanalistasergiohenrique.com\/index.php\/wp-json\/wp\/v2\/media?parent=23"}],"curies":[{"name":"wp","href":"https:\/\/api.w.org\/{rel}","templated":true}]}}